{"id":1712,"date":"2022-03-16T16:57:43","date_gmt":"2022-03-16T16:57:43","guid":{"rendered":"https:\/\/creativeconcepts.pt\/duritcoatings\/?page_id=1712"},"modified":"2022-04-07T10:57:31","modified_gmt":"2022-04-07T10:57:31","slug":"qualidade","status":"publish","type":"page","link":"https:\/\/duritcoatings.pt\/es\/qualidade\/","title":{"rendered":"Qualidade"},"content":{"rendered":"<div data-elementor-type=\"wp-page\" data-elementor-id=\"1712\" class=\"elementor elementor-1712\" data-elementor-post-type=\"page\">\n\t\t\t\t\t\t<section class=\"elementor-section elementor-top-section elementor-element elementor-element-4b3ce15 elementor-section-boxed elementor-section-height-default elementor-section-height-default\" data-id=\"4b3ce15\" data-element_type=\"section\" data-e-type=\"section\">\n\t\t\t\t\t\t<div class=\"elementor-container elementor-column-gap-default\">\n\t\t\t\t\t<div class=\"elementor-column elementor-col-100 elementor-top-column elementor-element elementor-element-beb08b5\" data-id=\"beb08b5\" data-element_type=\"column\" data-e-type=\"column\">\n\t\t\t<div class=\"elementor-widget-wrap\">\n\t\t\t\t\t\t\t<\/div>\n\t\t<\/div>\n\t\t\t\t\t<\/div>\n\t\t<\/section>\n\t\t\t\t<section class=\"elementor-section elementor-top-section elementor-element elementor-element-4c3ed9f elementor-section-boxed elementor-section-height-default elementor-section-height-default\" data-id=\"4c3ed9f\" data-element_type=\"section\" data-e-type=\"section\">\n\t\t\t\t\t\t<div class=\"elementor-container elementor-column-gap-default\">\n\t\t\t\t\t<div class=\"elementor-column elementor-col-100 elementor-top-column elementor-element elementor-element-72ca350\" data-id=\"72ca350\" data-element_type=\"column\" data-e-type=\"column\">\n\t\t\t<div class=\"elementor-widget-wrap elementor-element-populated\">\n\t\t\t\t\t\t<div class=\"elementor-element elementor-element-be65649 elementor-widget elementor-widget-heading\" data-id=\"be65649\" data-element_type=\"widget\" data-e-type=\"widget\" data-widget_type=\"heading.default\">\n\t\t\t\t\t<h2 class=\"elementor-heading-title elementor-size-default\">POL\u00cdTICA DE CALIDAD E INNOVACI\u00d3N<\/h2>\t\t\t\t<\/div>\n\t\t\t\t<div class=\"elementor-element elementor-element-0d6ba2b elementor-view-default elementor-widget elementor-widget-icon\" data-id=\"0d6ba2b\" data-element_type=\"widget\" data-e-type=\"widget\" data-widget_type=\"icon.default\">\n\t\t\t\t\t\t\t<div class=\"elementor-icon-wrapper\">\n\t\t\t<div class=\"elementor-icon\">\n\t\t\t<svg xmlns=\"http:\/\/www.w3.org\/2000\/svg\" id=\"Layer_1\" data-name=\"Layer 1\" viewbox=\"0 0 147.88 12.15\"><defs><style>.cls-1{fill:#f8b22e;}<\/style><\/defs><rect class=\"cls-1\" width=\"147.88\" height=\"12.15\"><\/rect><\/svg>\t\t\t<\/div>\n\t\t<\/div>\n\t\t\t\t\t\t<\/div>\n\t\t\t\t<div class=\"elementor-element elementor-element-e42dc3b elementor-widget elementor-widget-text-editor\" data-id=\"e42dc3b\" data-element_type=\"widget\" data-e-type=\"widget\" data-widget_type=\"text-editor.default\">\n\t\t\t\t\t\t\t\t\t<p><span style=\"font-weight: 400;\">A responsabilidade social \u00e9 um valor essencial da nossa pr\u00e1tica industrial.\u00a0<\/span><span style=\"color: var( --e-global-color-text ); font-family: var( --e-global-typography-text-font-family ), Sans-serif; font-size: 1.5rem;\">Com recurso a tecnologias de \u00faltima gera\u00e7\u00e3o, produzimos, desenvolvemos e promovemos aplica\u00e7\u00f5es de materiais avan\u00e7ados com uma forte componente de revestimentos nanoestruturados.\u00a0<\/span><\/p><p><span style=\"font-weight: 400;\">Dedicamos tempo e recursos, quer humanos quer materiais, no aperfei\u00e7oamento de tecnologias e na valoriza\u00e7\u00e3o dos nossos colaboradores, de forma a criarmos um ambiente impulsionador da inova\u00e7\u00e3o e da melhoria cont\u00ednua do SGQIDI (Sistema de Gest\u00e3o da Qualidade e IDI).<\/span><\/p><p class=\"translation-block\">Creemos que el <strong>desarrollo de nuevos productos y soluciones tecnol\u00f3gicas<\/strong>, , as\u00ed como la b\u00fasqueda e inclusi\u00f3n de nuevos procesos, utilizando nuestros propios recursos o en asociaci\u00f3n, recurriendo a programas nacionales y europeos, basados tambi\u00e9n en el est\u00edmulo de la creatividad interna, es una actividad permanente.<\/p><p><span style=\"font-weight: 400;\">A Durit Coatings compromete-se a adotar, permanentemente, uma metodologia que favore\u00e7a solu\u00e7\u00f5es ambientalmente compat\u00edveis e que se traduzam numa vantagem para os nossos clientes e na melhoria da competitividade. Com o cumprimento dos requisitos da legisla\u00e7\u00e3o ambiental, legisla\u00e7\u00e3o aplic\u00e1vel ao produto e normas regulamentares, procuramos atingir uma elevada satisfa\u00e7\u00e3o dos nossos clientes. Privilegiamos, ainda, o uso de t\u00e9cnicas industriais, de acordo com procedimentos e normas, que reforcem a confian\u00e7a e rigor da nossa empresa.<\/span><\/p><p><span style=\"font-weight: 400;\">O desenvolvimento de solu\u00e7\u00f5es inovadoras \u00e9 transmitido aos nossos clientes de acordo com procedimentos de caracteriza\u00e7\u00e3o, ensaio e valida\u00e7\u00e3o das mesmas, com avalia\u00e7\u00e3o de melhorias de produtividade.<\/span><\/p><p><span style=\"font-weight: 400;\">As compet\u00eancias que cri\u00e1mos e a exist\u00eancia de uma cultura de aperfei\u00e7oamento constante, permitem encarar a produ\u00e7\u00e3o para a aeron\u00e1utica como uma consequ\u00eancia natural e enquadrada num ambiente industrial exigente.<\/span><\/p><p><strong>A constante inova\u00e7\u00e3o \u00e9 uma forte aposta da nossa empresa. Por ano, na Durit Coatings, s\u00e3o desenvolvidos v\u00e1rios projetos, a n\u00edvel nacional e internacional.\u00a0<\/strong><\/p>\t\t\t\t\t\t\t\t<\/div>\n\t\t\t\t\t<\/div>\n\t\t<\/div>\n\t\t\t\t\t<\/div>\n\t\t<\/section>\n\t\t\t\t<section class=\"elementor-section elementor-top-section elementor-element elementor-element-57661b6 elementor-section-boxed elementor-section-height-default elementor-section-height-default\" data-id=\"57661b6\" data-element_type=\"section\" data-e-type=\"section\">\n\t\t\t\t\t\t<div class=\"elementor-container elementor-column-gap-default\">\n\t\t\t\t\t<div class=\"elementor-column elementor-col-100 elementor-top-column elementor-element elementor-element-5bbe645\" data-id=\"5bbe645\" data-element_type=\"column\" data-e-type=\"column\">\n\t\t\t<div class=\"elementor-widget-wrap elementor-element-populated\">\n\t\t\t\t\t\t<div class=\"elementor-element elementor-element-93d35d3 elementor-widget elementor-widget-text-editor\" data-id=\"93d35d3\" data-element_type=\"widget\" data-e-type=\"widget\" data-widget_type=\"text-editor.default\">\n\t\t\t\t\t\t\t\t\t<p><span style=\"font-weight: 400;\">Mar\u00e7o 2019<\/span><span style=\"font-weight: 400;\"><br \/><\/span><span style=\"font-weight: 400;\">A Administra\u00e7\u00e3o<\/span><\/p><p>\u00a0<\/p>\t\t\t\t\t\t\t\t<\/div>\n\t\t\t\t\t<\/div>\n\t\t<\/div>\n\t\t\t\t\t<\/div>\n\t\t<\/section>\n\t\t\t\t<section class=\"elementor-section elementor-top-section elementor-element elementor-element-529c9a3 elementor-section-boxed elementor-section-height-default elementor-section-height-default\" data-id=\"529c9a3\" data-element_type=\"section\" data-e-type=\"section\">\n\t\t\t\t\t\t<div class=\"elementor-container elementor-column-gap-default\">\n\t\t\t\t\t<div class=\"elementor-column elementor-col-100 elementor-top-column elementor-element elementor-element-39c407f\" data-id=\"39c407f\" data-element_type=\"column\" data-e-type=\"column\">\n\t\t\t<div class=\"elementor-widget-wrap elementor-element-populated\">\n\t\t\t\t\t\t<div class=\"elementor-element elementor-element-9b52994 elementor-widget elementor-widget-heading\" data-id=\"9b52994\" data-element_type=\"widget\" data-e-type=\"widget\" data-widget_type=\"heading.default\">\n\t\t\t\t\t<h2 class=\"elementor-heading-title elementor-size-default\">Certifica\u00e7\u00f5es<\/h2>\t\t\t\t<\/div>\n\t\t\t\t<div class=\"elementor-element elementor-element-bc6f60c elementor-view-default elementor-widget elementor-widget-icon\" data-id=\"bc6f60c\" data-element_type=\"widget\" data-e-type=\"widget\" data-widget_type=\"icon.default\">\n\t\t\t\t\t\t\t<div class=\"elementor-icon-wrapper\">\n\t\t\t<div class=\"elementor-icon\">\n\t\t\t<svg xmlns=\"http:\/\/www.w3.org\/2000\/svg\" id=\"Layer_1\" data-name=\"Layer 1\" viewbox=\"0 0 147.88 12.15\"><defs><style>.cls-1{fill:#f8b22e;}<\/style><\/defs><rect class=\"cls-1\" width=\"147.88\" height=\"12.15\"><\/rect><\/svg>\t\t\t<\/div>\n\t\t<\/div>\n\t\t\t\t\t\t<\/div>\n\t\t\t\t<div class=\"elementor-element elementor-element-62ded41 elementor-widget elementor-widget-text-editor\" data-id=\"62ded41\" data-element_type=\"widget\" data-e-type=\"widget\" data-widget_type=\"text-editor.default\">\n\t\t\t\t\t\t\t\t\t<p><span style=\"font-weight: 400;\">A Durit Coatings \u00e9 certificada pela Bureau Veritas Certification de acordo com a norma ISO 9001 desde 2002.<\/span><\/p><p>\u00a0<\/p><p><span style=\"font-weight: 400;\">Por trabalhar para um setor t\u00e3o exigente como a aeron\u00e1utica, em 2006 certificou-se pela norma EN 9100.<\/span><\/p><p>\u00a0<\/p><p><span style=\"font-weight: 400;\">Em 2009, e porque a inova\u00e7\u00e3o \u00e9 uma das prioridades da empresa, a Durit Coatings certificou-se pela norma de IDI \u2013 Investiga\u00e7\u00e3o, Desenvolvimento e Inova\u00e7\u00e3o, NP 4457:2007.<\/span><\/p>\t\t\t\t\t\t\t\t<\/div>\n\t\t\t\t\t<\/div>\n\t\t<\/div>\n\t\t\t\t\t<\/div>\n\t\t<\/section>\n\t\t\t\t<section class=\"elementor-section elementor-top-section elementor-element elementor-element-6bc6747 elementor-section-boxed elementor-section-height-default elementor-section-height-default\" data-id=\"6bc6747\" data-element_type=\"section\" data-e-type=\"section\">\n\t\t\t\t\t\t<div class=\"elementor-container elementor-column-gap-default\">\n\t\t\t\t\t<div class=\"elementor-column elementor-col-50 elementor-top-column elementor-element elementor-element-6a18075\" data-id=\"6a18075\" data-element_type=\"column\" data-e-type=\"column\">\n\t\t\t<div class=\"elementor-widget-wrap elementor-element-populated\">\n\t\t\t\t\t\t<div class=\"elementor-element elementor-element-acff0f5 elementor-view-default elementor-widget elementor-widget-icon\" data-id=\"acff0f5\" data-element_type=\"widget\" data-e-type=\"widget\" data-widget_type=\"icon.default\">\n\t\t\t\t\t\t\t<div class=\"elementor-icon-wrapper\">\n\t\t\t<a class=\"elementor-icon\" href=\"https:\/\/duritcoatings.pt\/wp-content\/uploads\/2022\/03\/9100_9001_pt.pdf\" target=\"_blank\">\n\t\t\t<svg aria-hidden=\"true\" class=\"e-font-icon-svg e-far-file-pdf\" viewbox=\"0 0 384 512\" xmlns=\"http:\/\/www.w3.org\/2000\/svg\"><path d=\"M369.9 97.9L286 14C277 5 264.8-.1 252.1-.1H48C21.5 0 0 21.5 0 48v416c0 26.5 21.5 48 48 48h288c26.5 0 48-21.5 48-48V131.9c0-12.7-5.1-25-14.1-34zM332.1 128H256V51.9l76.1 76.1zM48 464V48h160v104c0 13.3 10.7 24 24 24h104v288H48zm250.2-143.7c-12.2-12-47-8.7-64.4-6.5-17.2-10.5-28.7-25-36.8-46.3 3.9-16.1 10.1-40.6 5.4-56-4.2-26.2-37.8-23.6-42.6-5.9-4.4 16.1-.4 38.5 7 67.1-10 23.9-24.9 56-35.4 74.4-20 10.3-47 26.2-51 46.2-3.3 15.8 26 55.2 76.1-31.2 22.4-7.4 46.8-16.5 68.4-20.1 18.9 10.2 41 17 55.8 17 25.5 0 28-28.2 17.5-38.7zm-198.1 77.8c5.1-13.7 24.5-29.5 30.4-35-19 30.3-30.4 35.7-30.4 35zm81.6-190.6c7.4 0 6.7 32.1 1.8 40.8-4.4-13.9-4.3-40.8-1.8-40.8zm-24.4 136.6c9.7-16.9 18-37 24.7-54.7 8.3 15.1 18.9 27.2 30.1 35.5-20.8 4.3-38.9 13.1-54.8 19.2zm131.6-5s-5 6-37.3-7.8c35.1-2.6 40.9 5.4 37.3 7.8z\"><\/path><\/svg>\t\t\t<\/a>\n\t\t<\/div>\n\t\t\t\t\t\t<\/div>\n\t\t\t\t<div class=\"elementor-element elementor-element-6d00b75 elementor-widget elementor-widget-heading\" data-id=\"6d00b75\" data-element_type=\"widget\" data-e-type=\"widget\" data-widget_type=\"heading.default\">\n\t\t\t\t\t<h2 class=\"elementor-heading-title elementor-size-default\">Certifica\u00e7\u00e3o EN 9100:2018 e ISO 9001:2015\u200b<\/h2>\t\t\t\t<\/div>\n\t\t\t\t\t<\/div>\n\t\t<\/div>\n\t\t\t\t<div class=\"elementor-column elementor-col-50 elementor-top-column elementor-element elementor-element-a4d454c\" data-id=\"a4d454c\" data-element_type=\"column\" data-e-type=\"column\">\n\t\t\t<div class=\"elementor-widget-wrap elementor-element-populated\">\n\t\t\t\t\t\t<div class=\"elementor-element elementor-element-e5020a5 elementor-view-default elementor-widget elementor-widget-icon\" data-id=\"e5020a5\" data-element_type=\"widget\" data-e-type=\"widget\" data-widget_type=\"icon.default\">\n\t\t\t\t\t\t\t<div class=\"elementor-icon-wrapper\">\n\t\t\t<a class=\"elementor-icon\" href=\"https:\/\/duritcoatings.pt\/wp-content\/uploads\/2022\/04\/4457_updated.pdf\" target=\"_blank\">\n\t\t\t<svg aria-hidden=\"true\" class=\"e-font-icon-svg e-far-file-pdf\" viewbox=\"0 0 384 512\" xmlns=\"http:\/\/www.w3.org\/2000\/svg\"><path d=\"M369.9 97.9L286 14C277 5 264.8-.1 252.1-.1H48C21.5 0 0 21.5 0 48v416c0 26.5 21.5 48 48 48h288c26.5 0 48-21.5 48-48V131.9c0-12.7-5.1-25-14.1-34zM332.1 128H256V51.9l76.1 76.1zM48 464V48h160v104c0 13.3 10.7 24 24 24h104v288H48zm250.2-143.7c-12.2-12-47-8.7-64.4-6.5-17.2-10.5-28.7-25-36.8-46.3 3.9-16.1 10.1-40.6 5.4-56-4.2-26.2-37.8-23.6-42.6-5.9-4.4 16.1-.4 38.5 7 67.1-10 23.9-24.9 56-35.4 74.4-20 10.3-47 26.2-51 46.2-3.3 15.8 26 55.2 76.1-31.2 22.4-7.4 46.8-16.5 68.4-20.1 18.9 10.2 41 17 55.8 17 25.5 0 28-28.2 17.5-38.7zm-198.1 77.8c5.1-13.7 24.5-29.5 30.4-35-19 30.3-30.4 35.7-30.4 35zm81.6-190.6c7.4 0 6.7 32.1 1.8 40.8-4.4-13.9-4.3-40.8-1.8-40.8zm-24.4 136.6c9.7-16.9 18-37 24.7-54.7 8.3 15.1 18.9 27.2 30.1 35.5-20.8 4.3-38.9 13.1-54.8 19.2zm131.6-5s-5 6-37.3-7.8c35.1-2.6 40.9 5.4 37.3 7.8z\"><\/path><\/svg>\t\t\t<\/a>\n\t\t<\/div>\n\t\t\t\t\t\t<\/div>\n\t\t\t\t<div class=\"elementor-element elementor-element-6620ee4 elementor-widget elementor-widget-heading\" data-id=\"6620ee4\" data-element_type=\"widget\" data-e-type=\"widget\" data-widget_type=\"heading.default\">\n\t\t\t\t\t<h2 class=\"elementor-heading-title elementor-size-default\">Certifica\u00e7\u00e3o NP 4457:2007<\/h2>\t\t\t\t<\/div>\n\t\t\t\t\t<\/div>\n\t\t<\/div>\n\t\t\t\t\t<\/div>\n\t\t<\/section>\n\t\t\t\t<section class=\"elementor-section elementor-top-section elementor-element elementor-element-693cfae elementor-section-boxed elementor-section-height-default elementor-section-height-default\" data-id=\"693cfae\" data-element_type=\"section\" data-e-type=\"section\">\n\t\t\t\t\t\t<div class=\"elementor-container elementor-column-gap-default\">\n\t\t\t\t\t<div class=\"elementor-column elementor-col-100 elementor-top-column elementor-element elementor-element-d567ad3\" data-id=\"d567ad3\" data-element_type=\"column\" data-e-type=\"column\">\n\t\t\t<div class=\"elementor-widget-wrap elementor-element-populated\">\n\t\t\t\t\t\t<div class=\"elementor-element elementor-element-0ecc636 elementor-widget elementor-widget-spacer\" data-id=\"0ecc636\" data-element_type=\"widget\" data-e-type=\"widget\" data-widget_type=\"spacer.default\">\n\t\t\t\t\t\t\t<div class=\"elementor-spacer\">\n\t\t\t<div class=\"elementor-spacer-inner\"><\/div>\n\t\t<\/div>\n\t\t\t\t\t\t<\/div>\n\t\t\t\t\t<\/div>\n\t\t<\/div>\n\t\t\t\t\t<\/div>\n\t\t<\/section>\n\t\t\t\t<\/div>","protected":false},"excerpt":{"rendered":"<p class=\"excerpt\">Pol\u00edtica de Qualidade e Inova\u00e7\u00e3o A responsabilidade social \u00e9 um valor essencial da nossa pr\u00e1tica industrial.\u00a0Com recurso a tecnologias de \u00faltima gera\u00e7\u00e3o, produzimos, desenvolvemos e promovemos aplica\u00e7\u00f5es de materiais avan\u00e7ados com uma forte componente de revestimentos nanoestruturados.\u00a0 Dedicamos tempo e recursos, quer humanos quer materiais, no aperfei\u00e7oamento de tecnologias e na valoriza\u00e7\u00e3o dos nossos colaboradores, [&hellip;]<\/p>\n","protected":false},"author":1,"featured_media":0,"parent":0,"menu_order":0,"comment_status":"closed","ping_status":"closed","template":"template-blank.php","meta":{"_acf_changed":false,"footnotes":""},"class_list":["post-1712","page","type-page","status-publish","hentry"],"acf":[],"yoast_head":"<!-- This site is optimized with the Yoast SEO plugin v27.0 - https:\/\/yoast.com\/product\/yoast-seo-wordpress\/ -->\n<title>Qualidade - Durit Coatings<\/title>\n<meta name=\"robots\" content=\"index, follow, max-snippet:-1, max-image-preview:large, max-video-preview:-1\" \/>\n<link rel=\"canonical\" href=\"https:\/\/duritcoatings.pt\/es\/qualidade\/\" \/>\n<meta property=\"og:locale\" content=\"es_ES\" \/>\n<meta property=\"og:type\" content=\"article\" \/>\n<meta property=\"og:title\" content=\"Qualidade - Durit Coatings\" \/>\n<meta property=\"og:description\" content=\"Pol\u00edtica de Qualidade e Inova\u00e7\u00e3o A responsabilidade social \u00e9 um valor essencial da nossa pr\u00e1tica industrial.\u00a0Com recurso a tecnologias de \u00faltima gera\u00e7\u00e3o, produzimos, desenvolvemos e promovemos aplica\u00e7\u00f5es de materiais avan\u00e7ados com uma forte componente de revestimentos nanoestruturados.\u00a0 Dedicamos tempo e recursos, quer humanos quer materiais, no aperfei\u00e7oamento de tecnologias e na valoriza\u00e7\u00e3o dos nossos colaboradores, [&hellip;]\" \/>\n<meta property=\"og:url\" content=\"https:\/\/duritcoatings.pt\/es\/qualidade\/\" \/>\n<meta property=\"og:site_name\" content=\"Durit Coatings\" \/>\n<meta property=\"article:modified_time\" content=\"2022-04-07T10:57:31+00:00\" \/>\n<meta name=\"twitter:card\" content=\"summary_large_image\" \/>\n<meta name=\"twitter:label1\" content=\"Tiempo de lectura\" \/>\n\t<meta name=\"twitter:data1\" content=\"2 minutos\" \/>\n<script type=\"application\/ld+json\" class=\"yoast-schema-graph\">{\"@context\":\"https:\/\/schema.org\",\"@graph\":[{\"@type\":\"WebPage\",\"@id\":\"https:\/\/duritcoatings.pt\/qualidade\/\",\"url\":\"https:\/\/duritcoatings.pt\/qualidade\/\",\"name\":\"Qualidade - Durit Coatings\",\"isPartOf\":{\"@id\":\"https:\/\/duritcoatings.pt\/durit-coatings\/#website\"},\"datePublished\":\"2022-03-16T16:57:43+00:00\",\"dateModified\":\"2022-04-07T10:57:31+00:00\",\"breadcrumb\":{\"@id\":\"https:\/\/duritcoatings.pt\/qualidade\/#breadcrumb\"},\"inLanguage\":\"es\",\"potentialAction\":[{\"@type\":\"ReadAction\",\"target\":[\"https:\/\/duritcoatings.pt\/qualidade\/\"]}]},{\"@type\":\"BreadcrumbList\",\"@id\":\"https:\/\/duritcoatings.pt\/qualidade\/#breadcrumb\",\"itemListElement\":[{\"@type\":\"ListItem\",\"position\":1,\"name\":\"In\u00edcio\",\"item\":\"https:\/\/duritcoatings.pt\/\"},{\"@type\":\"ListItem\",\"position\":2,\"name\":\"Qualidade\"}]},{\"@type\":\"WebSite\",\"@id\":\"https:\/\/duritcoatings.pt\/durit-coatings\/#website\",\"url\":\"https:\/\/duritcoatings.pt\/durit-coatings\/\",\"name\":\"Durit Coatings\",\"description\":\"Durit Coatings\",\"publisher\":{\"@id\":\"https:\/\/duritcoatings.pt\/durit-coatings\/#organization\"},\"potentialAction\":[{\"@type\":\"SearchAction\",\"target\":{\"@type\":\"EntryPoint\",\"urlTemplate\":\"https:\/\/duritcoatings.pt\/durit-coatings\/?s={search_term_string}\"},\"query-input\":{\"@type\":\"PropertyValueSpecification\",\"valueRequired\":true,\"valueName\":\"search_term_string\"}}],\"inLanguage\":\"es\"},{\"@type\":\"Organization\",\"@id\":\"https:\/\/duritcoatings.pt\/durit-coatings\/#organization\",\"name\":\"Durit Coatings\",\"url\":\"https:\/\/duritcoatings.pt\/durit-coatings\/\",\"logo\":{\"@type\":\"ImageObject\",\"inLanguage\":\"es\",\"@id\":\"https:\/\/duritcoatings.pt\/durit-coatings\/#\/schema\/logo\/image\/\",\"url\":\"https:\/\/duritcoatings.pt\/wp-content\/uploads\/2022\/06\/coatings_web-02-logo-Durit-Coatings-png--e1718967123608.png\",\"contentUrl\":\"https:\/\/duritcoatings.pt\/wp-content\/uploads\/2022\/06\/coatings_web-02-logo-Durit-Coatings-png--e1718967123608.png\",\"width\":373,\"height\":38,\"caption\":\"Durit Coatings\"},\"image\":{\"@id\":\"https:\/\/duritcoatings.pt\/durit-coatings\/#\/schema\/logo\/image\/\"}}]}<\/script>\n<!-- \/ Yoast SEO plugin. -->","yoast_head_json":{"title":"Qualidade - Durit Coatings","robots":{"index":"index","follow":"follow","max-snippet":"max-snippet:-1","max-image-preview":"max-image-preview:large","max-video-preview":"max-video-preview:-1"},"canonical":"https:\/\/duritcoatings.pt\/es\/qualidade\/","og_locale":"es_ES","og_type":"article","og_title":"Qualidade - Durit Coatings","og_description":"Pol\u00edtica de Qualidade e Inova\u00e7\u00e3o A responsabilidade social \u00e9 um valor essencial da nossa pr\u00e1tica industrial.\u00a0Com recurso a tecnologias de \u00faltima gera\u00e7\u00e3o, produzimos, desenvolvemos e promovemos aplica\u00e7\u00f5es de materiais avan\u00e7ados com uma forte componente de revestimentos nanoestruturados.\u00a0 Dedicamos tempo e recursos, quer humanos quer materiais, no aperfei\u00e7oamento de tecnologias e na valoriza\u00e7\u00e3o dos nossos colaboradores, [&hellip;]","og_url":"https:\/\/duritcoatings.pt\/es\/qualidade\/","og_site_name":"Durit Coatings","article_modified_time":"2022-04-07T10:57:31+00:00","twitter_card":"summary_large_image","twitter_misc":{"Tiempo de lectura":"2 minutos"},"schema":{"@context":"https:\/\/schema.org","@graph":[{"@type":"WebPage","@id":"https:\/\/duritcoatings.pt\/qualidade\/","url":"https:\/\/duritcoatings.pt\/qualidade\/","name":"Qualidade - Durit Coatings","isPartOf":{"@id":"https:\/\/duritcoatings.pt\/durit-coatings\/#website"},"datePublished":"2022-03-16T16:57:43+00:00","dateModified":"2022-04-07T10:57:31+00:00","breadcrumb":{"@id":"https:\/\/duritcoatings.pt\/qualidade\/#breadcrumb"},"inLanguage":"es","potentialAction":[{"@type":"ReadAction","target":["https:\/\/duritcoatings.pt\/qualidade\/"]}]},{"@type":"BreadcrumbList","@id":"https:\/\/duritcoatings.pt\/qualidade\/#breadcrumb","itemListElement":[{"@type":"ListItem","position":1,"name":"In\u00edcio","item":"https:\/\/duritcoatings.pt\/"},{"@type":"ListItem","position":2,"name":"Qualidade"}]},{"@type":"WebSite","@id":"https:\/\/duritcoatings.pt\/durit-coatings\/#website","url":"https:\/\/duritcoatings.pt\/durit-coatings\/","name":"Durit Coatings","description":"Durit Coatings","publisher":{"@id":"https:\/\/duritcoatings.pt\/durit-coatings\/#organization"},"potentialAction":[{"@type":"SearchAction","target":{"@type":"EntryPoint","urlTemplate":"https:\/\/duritcoatings.pt\/durit-coatings\/?s={search_term_string}"},"query-input":{"@type":"PropertyValueSpecification","valueRequired":true,"valueName":"search_term_string"}}],"inLanguage":"es"},{"@type":"Organization","@id":"https:\/\/duritcoatings.pt\/durit-coatings\/#organization","name":"Durit Coatings","url":"https:\/\/duritcoatings.pt\/durit-coatings\/","logo":{"@type":"ImageObject","inLanguage":"es","@id":"https:\/\/duritcoatings.pt\/durit-coatings\/#\/schema\/logo\/image\/","url":"https:\/\/duritcoatings.pt\/wp-content\/uploads\/2022\/06\/coatings_web-02-logo-Durit-Coatings-png--e1718967123608.png","contentUrl":"https:\/\/duritcoatings.pt\/wp-content\/uploads\/2022\/06\/coatings_web-02-logo-Durit-Coatings-png--e1718967123608.png","width":373,"height":38,"caption":"Durit Coatings"},"image":{"@id":"https:\/\/duritcoatings.pt\/durit-coatings\/#\/schema\/logo\/image\/"}}]}},"_links":{"self":[{"href":"https:\/\/duritcoatings.pt\/es\/wp-json\/wp\/v2\/pages\/1712","targetHints":{"allow":["GET"]}}],"collection":[{"href":"https:\/\/duritcoatings.pt\/es\/wp-json\/wp\/v2\/pages"}],"about":[{"href":"https:\/\/duritcoatings.pt\/es\/wp-json\/wp\/v2\/types\/page"}],"author":[{"embeddable":true,"href":"https:\/\/duritcoatings.pt\/es\/wp-json\/wp\/v2\/users\/1"}],"replies":[{"embeddable":true,"href":"https:\/\/duritcoatings.pt\/es\/wp-json\/wp\/v2\/comments?post=1712"}],"version-history":[{"count":0,"href":"https:\/\/duritcoatings.pt\/es\/wp-json\/wp\/v2\/pages\/1712\/revisions"}],"wp:attachment":[{"href":"https:\/\/duritcoatings.pt\/es\/wp-json\/wp\/v2\/media?parent=1712"}],"curies":[{"name":"wp","href":"https:\/\/api.w.org\/{rel}","templated":true}]}}