{"id":23398,"date":"2025-12-17T11:33:21","date_gmt":"2025-12-17T11:33:21","guid":{"rendered":"https:\/\/duritcoatings.pt\/?page_id=23398"},"modified":"2026-02-06T12:35:29","modified_gmt":"2026-02-06T12:35:29","slug":"candidatura-espontanea","status":"publish","type":"page","link":"https:\/\/duritcoatings.pt\/en\/candidatura-espontanea\/","title":{"rendered":"Candidatura Espont\u00e2nea"},"content":{"rendered":"\t\t<div data-elementor-type=\"wp-page\" data-elementor-id=\"23398\" class=\"elementor elementor-23398\" data-elementor-post-type=\"page\">\n\t\t\t\t\t\t<section class=\"elementor-section elementor-top-section elementor-element elementor-element-3534171 elementor-section-height-min-height elementor-section-boxed elementor-section-height-default elementor-section-items-middle\" data-id=\"3534171\" data-element_type=\"section\" data-e-type=\"section\" data-settings=\"{&quot;background_background&quot;:&quot;classic&quot;}\">\n\t\t\t\t\t\t\t<div class=\"elementor-background-overlay\"><\/div>\n\t\t\t\t\t\t\t<div class=\"elementor-container elementor-column-gap-default\">\n\t\t\t\t\t<div class=\"elementor-column elementor-col-100 elementor-top-column elementor-element elementor-element-de3aa07\" data-id=\"de3aa07\" data-element_type=\"column\" data-e-type=\"column\">\n\t\t\t<div class=\"elementor-widget-wrap elementor-element-populated\">\n\t\t\t\t\t\t<div class=\"elementor-element elementor-element-b9ddbca elementor-widget elementor-widget-menu-anchor\" data-id=\"b9ddbca\" data-element_type=\"widget\" data-e-type=\"widget\" data-widget_type=\"menu-anchor.default\">\n\t\t\t\t\t\t\t<div class=\"elementor-menu-anchor\" id=\"topo\"><\/div>\n\t\t\t\t\t\t<\/div>\n\t\t\t\t<div class=\"elementor-element elementor-element-db913d7 elementor-widget-mobile__width-inherit elementor-widget elementor-widget-heading\" data-id=\"db913d7\" data-element_type=\"widget\" data-e-type=\"widget\" data-widget_type=\"heading.default\">\n\t\t\t\t\t<h2 class=\"elementor-heading-title elementor-size-default\">CANDIDATURA ESPONT\u00c2NEA<\/h2>\t\t\t\t<\/div>\n\t\t\t\t<div class=\"elementor-element elementor-element-6dc2881 elementor-widget-divider--view-line elementor-widget elementor-widget-divider\" data-id=\"6dc2881\" data-element_type=\"widget\" data-e-type=\"widget\" data-widget_type=\"divider.default\">\n\t\t\t\t\t\t\t<div class=\"elementor-divider\">\n\t\t\t<span class=\"elementor-divider-separator\">\n\t\t\t\t\t\t<\/span>\n\t\t<\/div>\n\t\t\t\t\t\t<\/div>\n\t\t\t\t\t<\/div>\n\t\t<\/div>\n\t\t\t\t\t<\/div>\n\t\t<\/section>\n\t\t<div class=\"elementor-element elementor-element-8c219e6 e-flex e-con-boxed e-con e-parent\" data-id=\"8c219e6\" data-element_type=\"container\" data-e-type=\"container\">\n\t\t\t\t\t<div class=\"e-con-inner\">\n\t\t\t\t<div class=\"elementor-element elementor-element-167475f elementor-button-align-start elementor-mobile-button-align-start vamtam-form vamtam-input-fields elementor-widget elementor-widget-form\" data-id=\"167475f\" data-element_type=\"widget\" data-e-type=\"widget\" data-settings=\"{&quot;step_next_label&quot;:&quot;Seguinte&quot;,&quot;step_previous_label&quot;:&quot;Anterior&quot;,&quot;step_type&quot;:&quot;progress_bar&quot;,&quot;button_width&quot;:&quot;100&quot;}\" data-widget_type=\"form.default\">\n\t\t\t\t\t\t\t<form class=\"elementor-form\" method=\"post\" name=\"Formul\u00e1rio de Candidatura\" aria-label=\"Formul\u00e1rio de Candidatura\" novalidate=\"\">\n\t\t\t<input type=\"hidden\" name=\"post_id\" value=\"23398\"\/>\n\t\t\t<input type=\"hidden\" name=\"form_id\" value=\"167475f\"\/>\n\t\t\t<input type=\"hidden\" name=\"referer_title\" value=\"Durit Coatings\" \/>\n\n\t\t\t\n\t\t\t<div class=\"elementor-form-fields-wrapper elementor-labels-above\">\n\t\t\t\t\t\t\t\t<div class=\"elementor-field-type-html elementor-field-group elementor-column elementor-field-group-field_8a8c7e5 elementor-col-100\">\n\t\t\t\t\t<p style=\"font-weight: 700; font-size: 24px;\">Informa\u00e7\u00e3o Pessoal\t\t\t\t<\/div>\n\t\t\t\t\t\t\t\t<div class=\"elementor-field-type-text elementor-field-group elementor-column elementor-field-group-nome elementor-col-70 elementor-field-required elementor-mark-required\">\n\t\t\t\t\t\t\t\t\t\t\t\t<label for=\"form-field-nome\" class=\"elementor-field-label\">\n\t\t\t\t\t\t\t\tNome\t\t\t\t\t\t\t<\/label>\n\t\t\t\t\t\t\t\t\t\t\t\t\t\t<input size=\"1\" type=\"text\" name=\"form_fields[nome]\" id=\"form-field-nome\" class=\"elementor-field elementor-size-md  elementor-field-textual\" required=\"required\">\n\t\t\t\t\t\t\t\t\t\t\t<\/div>\n\t\t\t\t\t\t\t\t<div class=\"elementor-field-type-email elementor-field-group elementor-column elementor-field-group-email elementor-col-30 elementor-field-required elementor-mark-required\">\n\t\t\t\t\t\t\t\t\t\t\t\t<label for=\"form-field-email\" class=\"elementor-field-label\">\n\t\t\t\t\t\t\t\tEmail\t\t\t\t\t\t\t<\/label>\n\t\t\t\t\t\t\t\t\t\t\t\t\t\t<input size=\"1\" type=\"email\" name=\"form_fields[email]\" id=\"form-field-email\" class=\"elementor-field elementor-size-md  elementor-field-textual\" required=\"required\">\n\t\t\t\t\t\t\t\t\t\t\t<\/div>\n\t\t\t\t\t\t\t\t<div class=\"elementor-field-type-tel elementor-field-group elementor-column elementor-field-group-telemovel elementor-col-20 elementor-field-required elementor-mark-required\">\n\t\t\t\t\t\t\t\t\t\t\t\t<label for=\"form-field-telemovel\" class=\"elementor-field-label\">\n\t\t\t\t\t\t\t\tTelem\u00f3vel\t\t\t\t\t\t\t<\/label>\n\t\t\t\t\t\t\t\t<input size=\"1\" type=\"tel\" name=\"form_fields[telemovel]\" id=\"form-field-telemovel\" class=\"elementor-field elementor-size-md  elementor-field-textual\" required=\"required\" pattern=\"[0-9()#&amp;+*-=.]+\" title=\"Only numbers and phone characters (#, -, *, etc) are accepted.\">\n\n\t\t\t\t\t\t<\/div>\n\t\t\t\t\t\t\t\t<div class=\"elementor-field-type-number elementor-field-group elementor-column elementor-field-group-datanascimento elementor-col-20 elementor-field-required elementor-mark-required\">\n\t\t\t\t\t\t\t\t\t\t\t\t<label for=\"form-field-datanascimento\" class=\"elementor-field-label\">\n\t\t\t\t\t\t\t\tIdade\t\t\t\t\t\t\t<\/label>\n\t\t\t\t\t\t\t\t\t<input type=\"number\" name=\"form_fields[datanascimento]\" id=\"form-field-datanascimento\" class=\"elementor-field elementor-size-md  elementor-field-textual\" required=\"required\" min=\"\" max=\"\" >\n\t\t\t\t\t\t<\/div>\n\t\t\t\t\t\t\t\t<div class=\"elementor-field-type-text elementor-field-group elementor-column elementor-field-group-morada elementor-col-60 elementor-field-required elementor-mark-required\">\n\t\t\t\t\t\t\t\t\t\t\t\t<label for=\"form-field-morada\" class=\"elementor-field-label\">\n\t\t\t\t\t\t\t\tMorada\t\t\t\t\t\t\t<\/label>\n\t\t\t\t\t\t\t\t\t\t\t\t\t\t<input size=\"1\" type=\"text\" name=\"form_fields[morada]\" id=\"form-field-morada\" class=\"elementor-field elementor-size-md  elementor-field-textual\" required=\"required\">\n\t\t\t\t\t\t\t\t\t\t\t<\/div>\n\t\t\t\t\t\t\t\t<div class=\"elementor-field-type-text elementor-field-group elementor-column elementor-field-group-codigopostal elementor-col-20 elementor-field-required elementor-mark-required\">\n\t\t\t\t\t\t\t\t\t\t\t\t<label for=\"form-field-codigopostal\" class=\"elementor-field-label\">\n\t\t\t\t\t\t\t\tC\u00f3digo Postal\t\t\t\t\t\t\t<\/label>\n\t\t\t\t\t\t\t\t\t\t\t\t\t\t<input size=\"1\" type=\"text\" name=\"form_fields[codigopostal]\" id=\"form-field-codigopostal\" class=\"elementor-field elementor-size-md  elementor-field-textual\" required=\"required\">\n\t\t\t\t\t\t\t\t\t\t\t<\/div>\n\t\t\t\t\t\t\t\t<div class=\"elementor-field-type-text elementor-field-group elementor-column elementor-field-group-localidade elementor-col-20 elementor-field-required elementor-mark-required\">\n\t\t\t\t\t\t\t\t\t\t\t\t<label for=\"form-field-localidade\" class=\"elementor-field-label\">\n\t\t\t\t\t\t\t\tLocalidade\t\t\t\t\t\t\t<\/label>\n\t\t\t\t\t\t\t\t\t\t\t\t\t\t<input size=\"1\" type=\"text\" name=\"form_fields[localidade]\" id=\"form-field-localidade\" class=\"elementor-field elementor-size-md  elementor-field-textual\" required=\"required\">\n\t\t\t\t\t\t\t\t\t\t\t<\/div>\n\t\t\t\t\t\t\t\t<div class=\"elementor-field-type-radio elementor-field-group elementor-column elementor-field-group-meiodetransporte elementor-col-33 elementor-field-required elementor-mark-required\">\n\t\t\t\t\t\t\t\t\t\t\t\t<label for=\"form-field-meiodetransporte\" class=\"elementor-field-label\">\n\t\t\t\t\t\t\t\tMeio de Transporte Pr\u00f3prio\t\t\t\t\t\t\t<\/label>\n\t\t\t\t\t\t<div class=\"elementor-field-subgroup  \"><span class=\"elementor-field-option\"><input type=\"radio\" value=\"Sim\" id=\"form-field-meiodetransporte-0\" name=\"form_fields[meiodetransporte]\" required=\"required\"> <label for=\"form-field-meiodetransporte-0\">Sim<\/label><\/span><span class=\"elementor-field-option\"><input type=\"radio\" value=\"N\u00e3o\" id=\"form-field-meiodetransporte-1\" name=\"form_fields[meiodetransporte]\" required=\"required\"> <label for=\"form-field-meiodetransporte-1\">N\u00e3o<\/label><\/span><\/div>\t\t\t\t<\/div>\n\t\t\t\t\t\t\t\t<div class=\"elementor-field-type-html elementor-field-group elementor-column elementor-field-group-field_ab68c42 elementor-col-100\">\n\t\t\t\t\t<hr>\t\t\t\t<\/div>\n\t\t\t\t\t\t\t\t<div class=\"elementor-field-type-html elementor-field-group elementor-column elementor-field-group-field_a9da1ec elementor-col-100\">\n\t\t\t\t\t<p style=\"font-weight: 700; font-size: 24px;\">Informa\u00e7\u00e3o de Candidatura\t\t\t\t<\/div>\n\t\t\t\t\t\t\t\t<div class=\"elementor-field-type-upload elementor-field-group elementor-column elementor-field-group-curriculo elementor-col-100 elementor-field-required elementor-mark-required\">\n\t\t\t\t\t\t\t\t\t\t\t\t<label for=\"form-field-curriculo\" class=\"elementor-field-label\">\n\t\t\t\t\t\t\t\tCarregue o seu CV\t\t\t\t\t\t\t<\/label>\n\t\t\t\t\t\t\t\t<input type=\"file\" name=\"form_fields[curriculo]\" id=\"form-field-curriculo\" class=\"elementor-field elementor-size-md  elementor-upload-field\" required=\"required\" data-maxsize=\"16\" data-maxsize-message=\"This file exceeds the maximum allowed size.\">\n\n\t\t\t\t\t\t<\/div>\n\t\t\t\t\t\t\t\t<div class=\"elementor-field-type-upload elementor-field-group elementor-column elementor-field-group-cartamotivacao elementor-col-100\">\n\t\t\t\t\t\t\t\t\t\t\t\t<label for=\"form-field-cartamotivacao\" class=\"elementor-field-label\">\n\t\t\t\t\t\t\t\tCarregue a sua Carta de Motiva\u00e7\u00e3o\t\t\t\t\t\t\t<\/label>\n\t\t\t\t\t\t\t\t<input type=\"file\" name=\"form_fields[cartamotivacao]\" id=\"form-field-cartamotivacao\" class=\"elementor-field elementor-size-md  elementor-upload-field\" data-maxsize=\"16\" data-maxsize-message=\"This file exceeds the maximum allowed size.\">\n\n\t\t\t\t\t\t<\/div>\n\t\t\t\t\t\t\t\t<div class=\"elementor-field-type-upload elementor-field-group elementor-column elementor-field-group-outros_anexos elementor-col-100\">\n\t\t\t\t\t\t\t\t\t\t\t\t<label for=\"form-field-outros_anexos\" class=\"elementor-field-label\">\n\t\t\t\t\t\t\t\tOutros Anexos Relevantes\t\t\t\t\t\t\t<\/label>\n\t\t\t\t\t\t\t\t<input type=\"file\" name=\"form_fields[outros_anexos]\" id=\"form-field-outros_anexos\" class=\"elementor-field elementor-size-md  elementor-upload-field\" data-maxsize=\"16\" data-maxsize-message=\"This file exceeds the maximum allowed size.\">\n\n\t\t\t\t\t\t<\/div>\n\t\t\t\t\t\t\t\t<div class=\"elementor-field-type-url elementor-field-group elementor-column elementor-field-group-linkedin elementor-col-50\">\n\t\t\t\t\t\t\t\t\t\t\t\t<label for=\"form-field-linkedin\" class=\"elementor-field-label\">\n\t\t\t\t\t\t\t\tTem perfil de LinkedIn? Partilhe-o com a nossa equipa de recrutamento.\t\t\t\t\t\t\t<\/label>\n\t\t\t\t\t\t\t\t\t\t\t\t\t\t<input size=\"1\" type=\"url\" name=\"form_fields[linkedin]\" id=\"form-field-linkedin\" class=\"elementor-field elementor-size-md  elementor-field-textual\">\n\t\t\t\t\t\t\t\t\t\t\t<\/div>\n\t\t\t\t\t\t\t\t<div class=\"elementor-field-type-html elementor-field-group elementor-column elementor-field-group-field_da5f4d1 elementor-col-100\">\n\t\t\t\t\t<hr\/><br><h6 style=\"font-size: 12px; color: #777777; line-height: 16px;\"\">O Grupo DURIT compromete-se a proteger e respeitar a sua privacidade de acordo com as disposi\u00e7\u00f5es legais. A confirma\u00e7\u00e3o de forma expressa do seu consentimento para guardar e tratar os seus dados no \u00e2mbito de processos atuais e futuros de recrutamento \u00e9 obrigat\u00f3ria.\n \nO facto de n\u00e3o dar ao Grupo DURIT o seu consentimento por esta via, implicar\u00e1 que n\u00e3o possamos tratar os seus dados pessoais em processos de recrutamento a realizar pelo Grupo, bem como transmiti-los a demais empresas do Grupo com a mesma finalidade.\n \n<br><br>Selecione, por favor, as op\u00e7\u00f5es abaixo que confirmam a sua autoriza\u00e7\u00e3o para o efeito.<\/h6>\n\t\t\t\t<\/div>\n\t\t\t\t\t\t\t\t<div class=\"elementor-field-type-acceptance elementor-field-group elementor-column elementor-field-group-protecaodados1 elementor-col-100 elementor-field-required elementor-mark-required\">\n\t\t\t\t\t\t\t<div class=\"elementor-field-subgroup\">\n\t\t\t<span class=\"elementor-field-option\">\n\t\t\t\t<input type=\"checkbox\" name=\"form_fields[protecaodados1]\" id=\"form-field-protecaodados1\" class=\"elementor-field elementor-size-md  elementor-acceptance-field\" required=\"required\">\n\t\t\t\t<label for=\"form-field-protecaodados1\">Autorizo o tratamento dos meus dados pessoais em futuros processos de recrutamento. *<\/label>\t\t\t<\/span>\n\t\t<\/div>\n\t\t\t\t\t\t<\/div>\n\t\t\t\t\t\t\t\t<div class=\"elementor-field-type-acceptance elementor-field-group elementor-column elementor-field-group-protecaodados2 elementor-col-100 elementor-field-required elementor-mark-required\">\n\t\t\t\t\t\t\t<div class=\"elementor-field-subgroup\">\n\t\t\t<span class=\"elementor-field-option\">\n\t\t\t\t<input type=\"checkbox\" name=\"form_fields[protecaodados2]\" id=\"form-field-protecaodados2\" class=\"elementor-field elementor-size-md  elementor-acceptance-field\" required=\"required\">\n\t\t\t\t<label for=\"form-field-protecaodados2\">Autorizo a transmiss\u00e3o dos meus dados a outras entidades do Grupo DURIT para efeitos de recrutamento. *<\/label>\t\t\t<\/span>\n\t\t<\/div>\n\t\t\t\t\t\t<\/div>\n\t\t\t\t\t\t\t\t<div class=\"elementor-field-type-html elementor-field-group elementor-column elementor-field-group-field_13512e5 elementor-col-100\">\n\t\t\t\t\t<h6 style=\"font-size: 10px;font-style: italic\">* campos obrigat\u00f3rios<\/h6>\n\t\t\t\t<\/div>\n\t\t\t\t\t\t\t\t<div class=\"elementor-field-type-recaptcha_v3 elementor-field-group elementor-column elementor-field-group-field_5b69ac9 elementor-col-100 recaptcha_v3-bottomright\">\n\t\t\t\t\t<div class=\"elementor-field\" id=\"form-field-field_5b69ac9\"><div class=\"elementor-g-recaptcha\" data-sitekey=\"6LfgxooqAAAAAOvsjjFUlNTfLd0wPOahjMStjiHw\" data-type=\"v3\" data-action=\"Form\" data-badge=\"bottomright\" data-size=\"invisible\"><\/div><\/div>\t\t\t\t<\/div>\n\t\t\t\t\t\t\t\t<div class=\"elementor-field-type-hidden elementor-field-group elementor-column elementor-field-group-empresas elementor-col-100\">\n\t\t\t\t\t\t\t\t\t\t\t\t\t<input size=\"1\" type=\"hidden\" name=\"form_fields[empresas]\" id=\"form-field-empresas\" class=\"elementor-field elementor-size-md  elementor-field-textual\" value=\"[&quot;DURITCOATINGS&quot;]\">\n\t\t\t\t\t\t\t\t\t\t\t<\/div>\n\t\t\t\t\t\t\t\t<div class=\"elementor-field-group elementor-column elementor-field-type-submit elementor-col-100 e-form__buttons\">\n\t\t\t\t\t<button class=\"elementor-button elementor-size-sm\" type=\"submit\">\n\t\t\t\t\t\t<span class=\"elementor-button-content-wrapper\">\n\t\t\t\t\t\t\t\t\t\t\t\t\t\t\t\t\t\t\t\t\t\t<span class=\"elementor-button-text\">Enviar Candidatura<\/span>\n\t\t\t\t\t\t\t\t\t\t\t\t\t<\/span>\n\t\t\t\t\t<\/button>\n\t\t\t\t<\/div>\n\t\t\t<\/div>\n\t\t<\/form>\n\t\t\t\t\t\t<\/div>\n\t\t\t\t\t<\/div>\n\t\t\t\t<\/div>\n\t\t\t\t<\/div>\n\t\t","protected":false},"excerpt":{"rendered":"<p class=\"excerpt\">CANDIDATURA ESPONT\u00c2NEA<\/p>","protected":false},"author":2,"featured_media":0,"parent":0,"menu_order":0,"comment_status":"closed","ping_status":"closed","template":"template-blank.php","meta":{"_acf_changed":false,"footnotes":""},"class_list":["post-23398","page","type-page","status-publish","hentry"],"acf":[],"yoast_head":"<!-- This site is optimized with the Yoast SEO plugin v27.0 - https:\/\/yoast.com\/product\/yoast-seo-wordpress\/ -->\n<title>Candidatura Espont\u00e2nea - Durit Coatings<\/title>\n<meta name=\"robots\" content=\"index, follow, max-snippet:-1, max-image-preview:large, max-video-preview:-1\" \/>\n<link rel=\"canonical\" href=\"https:\/\/duritcoatings.pt\/en\/candidatura-espontanea\/\" \/>\n<meta property=\"og:locale\" content=\"en_GB\" \/>\n<meta property=\"og:type\" content=\"article\" \/>\n<meta property=\"og:title\" content=\"Candidatura Espont\u00e2nea - Durit Coatings\" \/>\n<meta property=\"og:description\" content=\"CANDIDATURA ESPONT\u00c2NEA\" \/>\n<meta property=\"og:url\" content=\"https:\/\/duritcoatings.pt\/en\/candidatura-espontanea\/\" \/>\n<meta property=\"og:site_name\" content=\"Durit Coatings\" \/>\n<meta property=\"article:modified_time\" content=\"2026-02-06T12:35:29+00:00\" \/>\n<meta name=\"twitter:card\" content=\"summary_large_image\" \/>\n<meta name=\"twitter:label1\" content=\"Estimated reading time\" \/>\n\t<meta name=\"twitter:data1\" content=\"1 minute\" \/>\n<script type=\"application\/ld+json\" class=\"yoast-schema-graph\">{\"@context\":\"https:\/\/schema.org\",\"@graph\":[{\"@type\":\"WebPage\",\"@id\":\"https:\/\/duritcoatings.pt\/candidatura-espontanea\/\",\"url\":\"https:\/\/duritcoatings.pt\/candidatura-espontanea\/\",\"name\":\"Candidatura Espont\u00e2nea - Durit Coatings\",\"isPartOf\":{\"@id\":\"https:\/\/duritcoatings.pt\/durit-coatings\/#website\"},\"datePublished\":\"2025-12-17T11:33:21+00:00\",\"dateModified\":\"2026-02-06T12:35:29+00:00\",\"breadcrumb\":{\"@id\":\"https:\/\/duritcoatings.pt\/candidatura-espontanea\/#breadcrumb\"},\"inLanguage\":\"en-GB\",\"potentialAction\":[{\"@type\":\"ReadAction\",\"target\":[\"https:\/\/duritcoatings.pt\/candidatura-espontanea\/\"]}]},{\"@type\":\"BreadcrumbList\",\"@id\":\"https:\/\/duritcoatings.pt\/candidatura-espontanea\/#breadcrumb\",\"itemListElement\":[{\"@type\":\"ListItem\",\"position\":1,\"name\":\"In\u00edcio\",\"item\":\"https:\/\/duritcoatings.pt\/\"},{\"@type\":\"ListItem\",\"position\":2,\"name\":\"Candidatura Espont\u00e2nea\"}]},{\"@type\":\"WebSite\",\"@id\":\"https:\/\/duritcoatings.pt\/durit-coatings\/#website\",\"url\":\"https:\/\/duritcoatings.pt\/durit-coatings\/\",\"name\":\"Durit Coatings\",\"description\":\"Durit Coatings\",\"publisher\":{\"@id\":\"https:\/\/duritcoatings.pt\/durit-coatings\/#organization\"},\"potentialAction\":[{\"@type\":\"SearchAction\",\"target\":{\"@type\":\"EntryPoint\",\"urlTemplate\":\"https:\/\/duritcoatings.pt\/durit-coatings\/?s={search_term_string}\"},\"query-input\":{\"@type\":\"PropertyValueSpecification\",\"valueRequired\":true,\"valueName\":\"search_term_string\"}}],\"inLanguage\":\"en-GB\"},{\"@type\":\"Organization\",\"@id\":\"https:\/\/duritcoatings.pt\/durit-coatings\/#organization\",\"name\":\"Durit Coatings\",\"url\":\"https:\/\/duritcoatings.pt\/durit-coatings\/\",\"logo\":{\"@type\":\"ImageObject\",\"inLanguage\":\"en-GB\",\"@id\":\"https:\/\/duritcoatings.pt\/durit-coatings\/#\/schema\/logo\/image\/\",\"url\":\"https:\/\/duritcoatings.pt\/wp-content\/uploads\/2022\/06\/coatings_web-02-logo-Durit-Coatings-png--e1718967123608.png\",\"contentUrl\":\"https:\/\/duritcoatings.pt\/wp-content\/uploads\/2022\/06\/coatings_web-02-logo-Durit-Coatings-png--e1718967123608.png\",\"width\":373,\"height\":38,\"caption\":\"Durit Coatings\"},\"image\":{\"@id\":\"https:\/\/duritcoatings.pt\/durit-coatings\/#\/schema\/logo\/image\/\"}}]}<\/script>\n<!-- \/ Yoast SEO plugin. -->","yoast_head_json":{"title":"Candidatura Espont\u00e2nea - Durit Coatings","robots":{"index":"index","follow":"follow","max-snippet":"max-snippet:-1","max-image-preview":"max-image-preview:large","max-video-preview":"max-video-preview:-1"},"canonical":"https:\/\/duritcoatings.pt\/en\/candidatura-espontanea\/","og_locale":"en_GB","og_type":"article","og_title":"Candidatura Espont\u00e2nea - Durit Coatings","og_description":"CANDIDATURA ESPONT\u00c2NEA","og_url":"https:\/\/duritcoatings.pt\/en\/candidatura-espontanea\/","og_site_name":"Durit Coatings","article_modified_time":"2026-02-06T12:35:29+00:00","twitter_card":"summary_large_image","twitter_misc":{"Estimated reading time":"1 minute"},"schema":{"@context":"https:\/\/schema.org","@graph":[{"@type":"WebPage","@id":"https:\/\/duritcoatings.pt\/candidatura-espontanea\/","url":"https:\/\/duritcoatings.pt\/candidatura-espontanea\/","name":"Candidatura Espont\u00e2nea - Durit Coatings","isPartOf":{"@id":"https:\/\/duritcoatings.pt\/durit-coatings\/#website"},"datePublished":"2025-12-17T11:33:21+00:00","dateModified":"2026-02-06T12:35:29+00:00","breadcrumb":{"@id":"https:\/\/duritcoatings.pt\/candidatura-espontanea\/#breadcrumb"},"inLanguage":"en-GB","potentialAction":[{"@type":"ReadAction","target":["https:\/\/duritcoatings.pt\/candidatura-espontanea\/"]}]},{"@type":"BreadcrumbList","@id":"https:\/\/duritcoatings.pt\/candidatura-espontanea\/#breadcrumb","itemListElement":[{"@type":"ListItem","position":1,"name":"In\u00edcio","item":"https:\/\/duritcoatings.pt\/"},{"@type":"ListItem","position":2,"name":"Candidatura Espont\u00e2nea"}]},{"@type":"WebSite","@id":"https:\/\/duritcoatings.pt\/durit-coatings\/#website","url":"https:\/\/duritcoatings.pt\/durit-coatings\/","name":"Durit Coatings","description":"Durit Coatings","publisher":{"@id":"https:\/\/duritcoatings.pt\/durit-coatings\/#organization"},"potentialAction":[{"@type":"SearchAction","target":{"@type":"EntryPoint","urlTemplate":"https:\/\/duritcoatings.pt\/durit-coatings\/?s={search_term_string}"},"query-input":{"@type":"PropertyValueSpecification","valueRequired":true,"valueName":"search_term_string"}}],"inLanguage":"en-GB"},{"@type":"Organization","@id":"https:\/\/duritcoatings.pt\/durit-coatings\/#organization","name":"Durit Coatings","url":"https:\/\/duritcoatings.pt\/durit-coatings\/","logo":{"@type":"ImageObject","inLanguage":"en-GB","@id":"https:\/\/duritcoatings.pt\/durit-coatings\/#\/schema\/logo\/image\/","url":"https:\/\/duritcoatings.pt\/wp-content\/uploads\/2022\/06\/coatings_web-02-logo-Durit-Coatings-png--e1718967123608.png","contentUrl":"https:\/\/duritcoatings.pt\/wp-content\/uploads\/2022\/06\/coatings_web-02-logo-Durit-Coatings-png--e1718967123608.png","width":373,"height":38,"caption":"Durit Coatings"},"image":{"@id":"https:\/\/duritcoatings.pt\/durit-coatings\/#\/schema\/logo\/image\/"}}]}},"_links":{"self":[{"href":"https:\/\/duritcoatings.pt\/en\/wp-json\/wp\/v2\/pages\/23398","targetHints":{"allow":["GET"]}}],"collection":[{"href":"https:\/\/duritcoatings.pt\/en\/wp-json\/wp\/v2\/pages"}],"about":[{"href":"https:\/\/duritcoatings.pt\/en\/wp-json\/wp\/v2\/types\/page"}],"author":[{"embeddable":true,"href":"https:\/\/duritcoatings.pt\/en\/wp-json\/wp\/v2\/users\/2"}],"replies":[{"embeddable":true,"href":"https:\/\/duritcoatings.pt\/en\/wp-json\/wp\/v2\/comments?post=23398"}],"version-history":[{"count":19,"href":"https:\/\/duritcoatings.pt\/en\/wp-json\/wp\/v2\/pages\/23398\/revisions"}],"predecessor-version":[{"id":23462,"href":"https:\/\/duritcoatings.pt\/en\/wp-json\/wp\/v2\/pages\/23398\/revisions\/23462"}],"wp:attachment":[{"href":"https:\/\/duritcoatings.pt\/en\/wp-json\/wp\/v2\/media?parent=23398"}],"curies":[{"name":"wp","href":"https:\/\/api.w.org\/{rel}","templated":true}]}}