{"id":23380,"date":"2025-12-17T09:47:14","date_gmt":"2025-12-17T09:47:14","guid":{"rendered":"https:\/\/duritcoatings.pt\/?page_id=23380"},"modified":"2026-01-21T17:26:52","modified_gmt":"2026-01-21T17:26:52","slug":"carreiras","status":"publish","type":"page","link":"https:\/\/duritcoatings.pt\/en\/carreiras\/","title":{"rendered":"Carreiras"},"content":{"rendered":"\t\t<div data-elementor-type=\"wp-page\" data-elementor-id=\"23380\" class=\"elementor elementor-23380\" data-elementor-post-type=\"page\">\n\t\t\t\t\t\t<section class=\"elementor-section elementor-top-section elementor-element elementor-element-17a64a0 elementor-section-height-min-height elementor-section-boxed elementor-section-height-default elementor-section-items-middle\" data-id=\"17a64a0\" data-element_type=\"section\" data-e-type=\"section\" data-settings=\"{&quot;background_background&quot;:&quot;classic&quot;}\">\n\t\t\t\t\t\t\t<div class=\"elementor-background-overlay\"><\/div>\n\t\t\t\t\t\t\t<div class=\"elementor-container elementor-column-gap-default\">\n\t\t\t\t\t<div class=\"elementor-column elementor-col-100 elementor-top-column elementor-element elementor-element-58e0f17\" data-id=\"58e0f17\" data-element_type=\"column\" data-e-type=\"column\">\n\t\t\t<div class=\"elementor-widget-wrap elementor-element-populated\">\n\t\t\t\t\t\t<div class=\"elementor-element elementor-element-5fe6be2 elementor-widget elementor-widget-menu-anchor\" data-id=\"5fe6be2\" data-element_type=\"widget\" data-e-type=\"widget\" data-widget_type=\"menu-anchor.default\">\n\t\t\t\t\t\t\t<div class=\"elementor-menu-anchor\" id=\"topo\"><\/div>\n\t\t\t\t\t\t<\/div>\n\t\t\t\t<div class=\"elementor-element elementor-element-a636874 elementor-widget-mobile__width-inherit elementor-widget elementor-widget-heading\" data-id=\"a636874\" data-element_type=\"widget\" data-e-type=\"widget\" data-widget_type=\"heading.default\">\n\t\t\t\t\t<h2 class=\"elementor-heading-title elementor-size-default\">CARREIRAS<\/h2>\t\t\t\t<\/div>\n\t\t\t\t<div class=\"elementor-element elementor-element-b8fcd48 elementor-widget-divider--view-line elementor-widget elementor-widget-divider\" data-id=\"b8fcd48\" data-element_type=\"widget\" data-e-type=\"widget\" data-widget_type=\"divider.default\">\n\t\t\t\t\t\t\t<div class=\"elementor-divider\">\n\t\t\t<span class=\"elementor-divider-separator\">\n\t\t\t\t\t\t<\/span>\n\t\t<\/div>\n\t\t\t\t\t\t<\/div>\n\t\t\t\t\t<\/div>\n\t\t<\/div>\n\t\t\t\t\t<\/div>\n\t\t<\/section>\n\t\t<div class=\"elementor-element elementor-element-22de12e e-flex e-con-boxed e-con e-parent\" data-id=\"22de12e\" data-element_type=\"container\" data-e-type=\"container\">\n\t\t\t\t\t<div class=\"e-con-inner\">\n\t\t\t\t<div class=\"elementor-element elementor-element-687d9c7 elementor-widget elementor-widget-heading\" data-id=\"687d9c7\" data-element_type=\"widget\" data-e-type=\"widget\" data-widget_type=\"heading.default\">\n\t\t\t\t\t<h2 class=\"elementor-heading-title elementor-size-default\">A sua pr\u00f3xima aventura profissional come\u00e7a aqui<\/h2>\t\t\t\t<\/div>\n\t\t\t\t<div class=\"elementor-element elementor-element-60cd705 elementor-widget elementor-widget-heading\" data-id=\"60cd705\" data-element_type=\"widget\" data-e-type=\"widget\" data-widget_type=\"heading.default\">\n\t\t\t\t\t<h2 class=\"elementor-heading-title elementor-size-default\">Junte-se \u00e0 equipa DURITCOATINGS e cres\u00e7a connosco.<\/h2>\t\t\t\t<\/div>\n\t\t\t\t<div class=\"elementor-element elementor-element-9f218f2 elementor-widget elementor-widget-text-editor\" data-id=\"9f218f2\" data-element_type=\"widget\" data-e-type=\"widget\" data-widget_type=\"text-editor.default\">\n\t\t\t\t\t\t\t\t\t<p>Na <strong>DURIT COATINGS \u00ae<\/strong>, acreditamos que o sucesso nasce das pessoas. Valorizamos o talento, o compromisso e o esp\u00edrito de equipa, promovendo um ambiente onde cada colaborador pode evoluir e fazer a diferen\u00e7a.<\/p><p>Se quer crescer profissionalmente e fazer parte de um projeto com futuro, junte-se a n\u00f3s e construa connosco o pr\u00f3ximo cap\u00edtulo da sua carreira.<\/p>\t\t\t\t\t\t\t\t<\/div>\n\t\t\t\t\t<\/div>\n\t\t\t\t<\/div>\n\t\t<div class=\"elementor-element elementor-element-267e089 e-flex e-con-boxed e-con e-parent\" data-id=\"267e089\" data-element_type=\"container\" data-e-type=\"container\" data-settings=\"{&quot;background_background&quot;:&quot;classic&quot;}\">\n\t\t\t\t\t<div class=\"e-con-inner\">\n\t\t\t\t<div class=\"elementor-element elementor-element-7195572 elementor-widget-divider--view-line_text elementor-widget-divider--element-align-left elementor-widget elementor-widget-divider\" data-id=\"7195572\" data-element_type=\"widget\" data-e-type=\"widget\" data-widget_type=\"divider.default\">\n\t\t\t\t\t\t\t<div class=\"elementor-divider\">\n\t\t\t<span class=\"elementor-divider-separator\">\n\t\t\t\t\t\t\t<span class=\"elementor-divider__text elementor-divider__element\">\n\t\t\t\tPRONTO PARA DAR O PR\u00d3XIMO PASSO?\t\t\t\t<\/span>\n\t\t\t\t\t\t<\/span>\n\t\t<\/div>\n\t\t\t\t\t\t<\/div>\n\t\t\t\t<div class=\"elementor-element elementor-element-0e335eb elementor-widget elementor-widget-text-editor\" data-id=\"0e335eb\" data-element_type=\"widget\" data-e-type=\"widget\" data-widget_type=\"text-editor.default\">\n\t\t\t\t\t\t\t\t\t<p>Descubra as oportunidades dispon\u00edveis e encontre o desafio certo para si.<\/p>\t\t\t\t\t\t\t\t<\/div>\n\t\t\t\t\t<\/div>\n\t\t\t\t<\/div>\n\t\t<div class=\"elementor-element elementor-element-9037971 e-flex e-con-boxed e-con e-parent\" data-id=\"9037971\" data-element_type=\"container\" data-e-type=\"container\" data-settings=\"{&quot;background_background&quot;:&quot;classic&quot;}\">\n\t\t\t\t\t<div class=\"e-con-inner\">\n\t\t<div class=\"elementor-element elementor-element-861c73d e-con-full e-flex e-con e-child\" data-id=\"861c73d\" data-element_type=\"container\" data-e-type=\"container\">\n\t\t\t\t<div class=\"elementor-element elementor-element-d8f6a5c elementor-widget__width-inherit elementor-grid-2 elementor-grid-tablet-2 elementor-grid-mobile-1 elementor-widget elementor-widget-loop-grid\" data-id=\"d8f6a5c\" data-element_type=\"widget\" data-e-type=\"widget\" data-settings=\"{&quot;template_id&quot;:&quot;23479&quot;,&quot;columns&quot;:2,&quot;pagination_type&quot;:&quot;load_more_infinite_scroll&quot;,&quot;row_gap_laptop&quot;:{&quot;unit&quot;:&quot;px&quot;,&quot;size&quot;:&quot;&quot;,&quot;sizes&quot;:[]},&quot;_skin&quot;:&quot;post&quot;,&quot;columns_tablet&quot;:&quot;2&quot;,&quot;columns_mobile&quot;:&quot;1&quot;,&quot;edit_handle_selector&quot;:&quot;[data-elementor-type=\\&quot;loop-item\\&quot;]&quot;,&quot;load_more_spinner&quot;:{&quot;value&quot;:&quot;fas fa-spinner&quot;,&quot;library&quot;:&quot;fa-solid&quot;},&quot;row_gap&quot;:{&quot;unit&quot;:&quot;px&quot;,&quot;size&quot;:&quot;&quot;,&quot;sizes&quot;:[]},&quot;row_gap_tablet&quot;:{&quot;unit&quot;:&quot;px&quot;,&quot;size&quot;:&quot;&quot;,&quot;sizes&quot;:[]},&quot;row_gap_mobile&quot;:{&quot;unit&quot;:&quot;px&quot;,&quot;size&quot;:&quot;&quot;,&quot;sizes&quot;:[]}}\" data-widget_type=\"loop-grid.post\">\n\t\t\t\t<div class=\"elementor-widget-container\">\n\t\t\t\t\t\t\t<div class=\"e-loop-nothing-found-message\">\n\t\t\t\t\t<div class=\"e-loop-nothing-found-message__text\">\n\t\t\t\tN\u00e3o existem vagas em aberto dispon\u00edveis neste momento. <br \/>\n<a href=\"https:\/\/duritcoatings.pt\/candidatura-espontanea\/\" style=\"color: #007bff; text-decoration: none;\">Envie-nos a sua candidatura espont\u00e2nea.<\/a>\t\t\t<\/div>\n\t\t\t<\/div>\n\t\t\t\t\t\t<\/div>\n\t\t\t\t<\/div>\n\t\t\t\t<\/div>\n\t\t\t\t\t<\/div>\n\t\t\t\t<\/div>\n\t\t<div class=\"elementor-element elementor-element-b16b35e e-flex e-con-boxed e-con e-parent\" data-id=\"b16b35e\" data-element_type=\"container\" data-e-type=\"container\" data-settings=\"{&quot;background_background&quot;:&quot;classic&quot;}\">\n\t\t\t\t\t<div class=\"e-con-inner\">\n\t\t\t\t<div class=\"elementor-element elementor-element-63ab485 elementor-widget-divider--view-line_text elementor-widget-divider--element-align-center elementor-widget elementor-widget-divider\" data-id=\"63ab485\" data-element_type=\"widget\" data-e-type=\"widget\" data-widget_type=\"divider.default\">\n\t\t\t\t\t\t\t<div class=\"elementor-divider\">\n\t\t\t<span class=\"elementor-divider-separator\">\n\t\t\t\t\t\t\t<span class=\"elementor-divider__text elementor-divider__element\">\n\t\t\t\tCANDIDATURA ESPONT\u00c2NEA\t\t\t\t<\/span>\n\t\t\t\t\t\t<\/span>\n\t\t<\/div>\n\t\t\t\t\t\t<\/div>\n\t\t\t\t<div class=\"elementor-element elementor-element-410a5d2 elementor-widget elementor-widget-text-editor\" data-id=\"410a5d2\" data-element_type=\"widget\" data-e-type=\"widget\" data-widget_type=\"text-editor.default\">\n\t\t\t\t\t\t\t\t\t<p>N\u00e3o encontrou a oportunidade certa para si?<\/p>\t\t\t\t\t\t\t\t<\/div>\n\t\t\t\t<div class=\"elementor-element elementor-element-bff9b13 elementor-widget elementor-widget-text-editor\" data-id=\"bff9b13\" data-element_type=\"widget\" data-e-type=\"widget\" data-widget_type=\"text-editor.default\">\n\t\t\t\t\t\t\t\t\t<p>Na <strong>DURIT COATINGS \u00ae<\/strong>, estamos sempre \u00e0 procura de novos talentos que queiram crescer connosco e contribuir para o futuro da empresa.<\/p><p>Se acredita que pode fazer a diferen\u00e7a, partilhe o seu percurso connosco. Queremos conhec\u00ea-lo!<\/p>\t\t\t\t\t\t\t\t<\/div>\n\t\t\t\t<div class=\"elementor-element elementor-element-5afa0b4 elementor-align-center elementor-widget elementor-widget-button\" data-id=\"5afa0b4\" data-element_type=\"widget\" data-e-type=\"widget\" data-widget_type=\"button.default\">\n\t\t\t\t\t\t\t\t\t\t<a class=\"elementor-button elementor-button-link elementor-size-sm\" href=\"https:\/\/duritcoatings.pt\/candidatura-espontanea\/\">\n\t\t\t\t\t\t<span class=\"elementor-button-content-wrapper\">\n\t\t\t\t\t\t\t\t\t<span class=\"elementor-button-text\">ENVIE-NOS A SUA CANDIDATURA<\/span>\n\t\t\t\t\t<\/span>\n\t\t\t\t\t<\/a>\n\t\t\t\t\t\t\t\t<\/div>\n\t\t\t\t\t<\/div>\n\t\t\t\t<\/div>\n\t\t<div class=\"elementor-element elementor-element-75a03de e-con-full e-flex e-con e-parent\" data-id=\"75a03de\" data-element_type=\"container\" data-e-type=\"container\">\n\t\t\t\t<div class=\"elementor-element elementor-element-f19b55c elementor-widget elementor-widget-image\" data-id=\"f19b55c\" data-element_type=\"widget\" data-e-type=\"widget\" data-widget_type=\"image.default\">\n\t\t\t\t\t\t\t\t\t\t\t\t\t\t\t<img fetchpriority=\"high\" decoding=\"async\" width=\"1920\" height=\"400\" src=\"https:\/\/duritcoatings.pt\/wp-content\/uploads\/2025\/12\/COAT_202512_Img_Inferior_Negocio_v01.jpg\" class=\"attachment-full size-full wp-image-23394\" alt=\"\" srcset=\"https:\/\/duritcoatings.pt\/wp-content\/uploads\/2025\/12\/COAT_202512_Img_Inferior_Negocio_v01.jpg 1920w, https:\/\/duritcoatings.pt\/wp-content\/uploads\/2025\/12\/COAT_202512_Img_Inferior_Negocio_v01-300x63.jpg 300w, https:\/\/duritcoatings.pt\/wp-content\/uploads\/2025\/12\/COAT_202512_Img_Inferior_Negocio_v01-1024x213.jpg 1024w, https:\/\/duritcoatings.pt\/wp-content\/uploads\/2025\/12\/COAT_202512_Img_Inferior_Negocio_v01-768x160.jpg 768w, https:\/\/duritcoatings.pt\/wp-content\/uploads\/2025\/12\/COAT_202512_Img_Inferior_Negocio_v01-1536x320.jpg 1536w, https:\/\/duritcoatings.pt\/wp-content\/uploads\/2025\/12\/COAT_202512_Img_Inferior_Negocio_v01-18x4.jpg 18w\" sizes=\"(max-width: 1920px) 100vw, 1920px\" \/>\t\t\t\t\t\t\t\t\t\t\t\t\t\t\t<\/div>\n\t\t\t\t<\/div>\n\t\t\t\t<\/div>\n\t\t","protected":false},"excerpt":{"rendered":"<p class=\"excerpt\">CARREIRAS A sua pr\u00f3xima aventura profissional come\u00e7a aqui Junte-se \u00e0 equipa DURITCOATINGS e cres\u00e7a connosco. Na DURIT COATINGS \u00ae, acreditamos que o sucesso nasce das pessoas. Valorizamos o talento, o compromisso e o esp\u00edrito de equipa, promovendo um ambiente onde cada colaborador pode evoluir e fazer a diferen\u00e7a. Se quer crescer profissionalmente e fazer parte [&hellip;]<\/p>\n","protected":false},"author":2,"featured_media":0,"parent":0,"menu_order":0,"comment_status":"closed","ping_status":"closed","template":"template-blank.php","meta":{"_acf_changed":false,"footnotes":""},"class_list":["post-23380","page","type-page","status-publish","hentry"],"acf":[],"yoast_head":"<!-- This site is optimized with the Yoast SEO plugin v27.0 - https:\/\/yoast.com\/product\/yoast-seo-wordpress\/ -->\n<title>Carreiras - Durit Coatings<\/title>\n<meta name=\"robots\" content=\"index, follow, max-snippet:-1, max-image-preview:large, max-video-preview:-1\" \/>\n<link rel=\"canonical\" href=\"https:\/\/duritcoatings.pt\/en\/carreiras\/\" \/>\n<meta property=\"og:locale\" content=\"en_GB\" \/>\n<meta property=\"og:type\" content=\"article\" \/>\n<meta property=\"og:title\" content=\"Carreiras - Durit Coatings\" \/>\n<meta property=\"og:description\" content=\"CARREIRAS A sua pr\u00f3xima aventura profissional come\u00e7a aqui Junte-se \u00e0 equipa DURITCOATINGS e cres\u00e7a connosco. Na DURIT COATINGS \u00ae, acreditamos que o sucesso nasce das pessoas. Valorizamos o talento, o compromisso e o esp\u00edrito de equipa, promovendo um ambiente onde cada colaborador pode evoluir e fazer a diferen\u00e7a. Se quer crescer profissionalmente e fazer parte [&hellip;]\" \/>\n<meta property=\"og:url\" content=\"https:\/\/duritcoatings.pt\/en\/carreiras\/\" \/>\n<meta property=\"og:site_name\" content=\"Durit Coatings\" \/>\n<meta property=\"article:modified_time\" content=\"2026-01-21T17:26:52+00:00\" \/>\n<meta property=\"og:image\" content=\"https:\/\/duritcoatings.pt\/wp-content\/uploads\/2025\/12\/COAT_202512_Img_Inferior_Negocio_v01.jpg\" \/>\n<meta name=\"twitter:card\" content=\"summary_large_image\" \/>\n<meta name=\"twitter:label1\" content=\"Estimated reading time\" \/>\n\t<meta name=\"twitter:data1\" content=\"1 minute\" \/>\n<script type=\"application\/ld+json\" class=\"yoast-schema-graph\">{\"@context\":\"https:\/\/schema.org\",\"@graph\":[{\"@type\":\"WebPage\",\"@id\":\"https:\/\/duritcoatings.pt\/carreiras\/\",\"url\":\"https:\/\/duritcoatings.pt\/carreiras\/\",\"name\":\"Carreiras - Durit Coatings\",\"isPartOf\":{\"@id\":\"https:\/\/duritcoatings.pt\/durit-coatings\/#website\"},\"primaryImageOfPage\":{\"@id\":\"https:\/\/duritcoatings.pt\/carreiras\/#primaryimage\"},\"image\":{\"@id\":\"https:\/\/duritcoatings.pt\/carreiras\/#primaryimage\"},\"thumbnailUrl\":\"https:\/\/duritcoatings.pt\/wp-content\/uploads\/2025\/12\/COAT_202512_Img_Inferior_Negocio_v01.jpg\",\"datePublished\":\"2025-12-17T09:47:14+00:00\",\"dateModified\":\"2026-01-21T17:26:52+00:00\",\"breadcrumb\":{\"@id\":\"https:\/\/duritcoatings.pt\/carreiras\/#breadcrumb\"},\"inLanguage\":\"en-GB\",\"potentialAction\":[{\"@type\":\"ReadAction\",\"target\":[\"https:\/\/duritcoatings.pt\/carreiras\/\"]}]},{\"@type\":\"ImageObject\",\"inLanguage\":\"en-GB\",\"@id\":\"https:\/\/duritcoatings.pt\/carreiras\/#primaryimage\",\"url\":\"https:\/\/duritcoatings.pt\/wp-content\/uploads\/2025\/12\/COAT_202512_Img_Inferior_Negocio_v01.jpg\",\"contentUrl\":\"https:\/\/duritcoatings.pt\/wp-content\/uploads\/2025\/12\/COAT_202512_Img_Inferior_Negocio_v01.jpg\"},{\"@type\":\"BreadcrumbList\",\"@id\":\"https:\/\/duritcoatings.pt\/carreiras\/#breadcrumb\",\"itemListElement\":[{\"@type\":\"ListItem\",\"position\":1,\"name\":\"In\u00edcio\",\"item\":\"https:\/\/duritcoatings.pt\/\"},{\"@type\":\"ListItem\",\"position\":2,\"name\":\"Carreiras\"}]},{\"@type\":\"WebSite\",\"@id\":\"https:\/\/duritcoatings.pt\/durit-coatings\/#website\",\"url\":\"https:\/\/duritcoatings.pt\/durit-coatings\/\",\"name\":\"Durit Coatings\",\"description\":\"Durit Coatings\",\"publisher\":{\"@id\":\"https:\/\/duritcoatings.pt\/durit-coatings\/#organization\"},\"potentialAction\":[{\"@type\":\"SearchAction\",\"target\":{\"@type\":\"EntryPoint\",\"urlTemplate\":\"https:\/\/duritcoatings.pt\/durit-coatings\/?s={search_term_string}\"},\"query-input\":{\"@type\":\"PropertyValueSpecification\",\"valueRequired\":true,\"valueName\":\"search_term_string\"}}],\"inLanguage\":\"en-GB\"},{\"@type\":\"Organization\",\"@id\":\"https:\/\/duritcoatings.pt\/durit-coatings\/#organization\",\"name\":\"Durit Coatings\",\"url\":\"https:\/\/duritcoatings.pt\/durit-coatings\/\",\"logo\":{\"@type\":\"ImageObject\",\"inLanguage\":\"en-GB\",\"@id\":\"https:\/\/duritcoatings.pt\/durit-coatings\/#\/schema\/logo\/image\/\",\"url\":\"https:\/\/duritcoatings.pt\/wp-content\/uploads\/2022\/06\/coatings_web-02-logo-Durit-Coatings-png--e1718967123608.png\",\"contentUrl\":\"https:\/\/duritcoatings.pt\/wp-content\/uploads\/2022\/06\/coatings_web-02-logo-Durit-Coatings-png--e1718967123608.png\",\"width\":373,\"height\":38,\"caption\":\"Durit Coatings\"},\"image\":{\"@id\":\"https:\/\/duritcoatings.pt\/durit-coatings\/#\/schema\/logo\/image\/\"}}]}<\/script>\n<!-- \/ Yoast SEO plugin. -->","yoast_head_json":{"title":"Carreiras - Durit Coatings","robots":{"index":"index","follow":"follow","max-snippet":"max-snippet:-1","max-image-preview":"max-image-preview:large","max-video-preview":"max-video-preview:-1"},"canonical":"https:\/\/duritcoatings.pt\/en\/carreiras\/","og_locale":"en_GB","og_type":"article","og_title":"Carreiras - Durit Coatings","og_description":"CARREIRAS A sua pr\u00f3xima aventura profissional come\u00e7a aqui Junte-se \u00e0 equipa DURITCOATINGS e cres\u00e7a connosco. Na DURIT COATINGS \u00ae, acreditamos que o sucesso nasce das pessoas. Valorizamos o talento, o compromisso e o esp\u00edrito de equipa, promovendo um ambiente onde cada colaborador pode evoluir e fazer a diferen\u00e7a. Se quer crescer profissionalmente e fazer parte [&hellip;]","og_url":"https:\/\/duritcoatings.pt\/en\/carreiras\/","og_site_name":"Durit Coatings","article_modified_time":"2026-01-21T17:26:52+00:00","og_image":[{"url":"https:\/\/duritcoatings.pt\/wp-content\/uploads\/2025\/12\/COAT_202512_Img_Inferior_Negocio_v01.jpg","type":"","width":"","height":""}],"twitter_card":"summary_large_image","twitter_misc":{"Estimated reading time":"1 minute"},"schema":{"@context":"https:\/\/schema.org","@graph":[{"@type":"WebPage","@id":"https:\/\/duritcoatings.pt\/carreiras\/","url":"https:\/\/duritcoatings.pt\/carreiras\/","name":"Carreiras - Durit Coatings","isPartOf":{"@id":"https:\/\/duritcoatings.pt\/durit-coatings\/#website"},"primaryImageOfPage":{"@id":"https:\/\/duritcoatings.pt\/carreiras\/#primaryimage"},"image":{"@id":"https:\/\/duritcoatings.pt\/carreiras\/#primaryimage"},"thumbnailUrl":"https:\/\/duritcoatings.pt\/wp-content\/uploads\/2025\/12\/COAT_202512_Img_Inferior_Negocio_v01.jpg","datePublished":"2025-12-17T09:47:14+00:00","dateModified":"2026-01-21T17:26:52+00:00","breadcrumb":{"@id":"https:\/\/duritcoatings.pt\/carreiras\/#breadcrumb"},"inLanguage":"en-GB","potentialAction":[{"@type":"ReadAction","target":["https:\/\/duritcoatings.pt\/carreiras\/"]}]},{"@type":"ImageObject","inLanguage":"en-GB","@id":"https:\/\/duritcoatings.pt\/carreiras\/#primaryimage","url":"https:\/\/duritcoatings.pt\/wp-content\/uploads\/2025\/12\/COAT_202512_Img_Inferior_Negocio_v01.jpg","contentUrl":"https:\/\/duritcoatings.pt\/wp-content\/uploads\/2025\/12\/COAT_202512_Img_Inferior_Negocio_v01.jpg"},{"@type":"BreadcrumbList","@id":"https:\/\/duritcoatings.pt\/carreiras\/#breadcrumb","itemListElement":[{"@type":"ListItem","position":1,"name":"In\u00edcio","item":"https:\/\/duritcoatings.pt\/"},{"@type":"ListItem","position":2,"name":"Carreiras"}]},{"@type":"WebSite","@id":"https:\/\/duritcoatings.pt\/durit-coatings\/#website","url":"https:\/\/duritcoatings.pt\/durit-coatings\/","name":"Durit Coatings","description":"Durit Coatings","publisher":{"@id":"https:\/\/duritcoatings.pt\/durit-coatings\/#organization"},"potentialAction":[{"@type":"SearchAction","target":{"@type":"EntryPoint","urlTemplate":"https:\/\/duritcoatings.pt\/durit-coatings\/?s={search_term_string}"},"query-input":{"@type":"PropertyValueSpecification","valueRequired":true,"valueName":"search_term_string"}}],"inLanguage":"en-GB"},{"@type":"Organization","@id":"https:\/\/duritcoatings.pt\/durit-coatings\/#organization","name":"Durit Coatings","url":"https:\/\/duritcoatings.pt\/durit-coatings\/","logo":{"@type":"ImageObject","inLanguage":"en-GB","@id":"https:\/\/duritcoatings.pt\/durit-coatings\/#\/schema\/logo\/image\/","url":"https:\/\/duritcoatings.pt\/wp-content\/uploads\/2022\/06\/coatings_web-02-logo-Durit-Coatings-png--e1718967123608.png","contentUrl":"https:\/\/duritcoatings.pt\/wp-content\/uploads\/2022\/06\/coatings_web-02-logo-Durit-Coatings-png--e1718967123608.png","width":373,"height":38,"caption":"Durit Coatings"},"image":{"@id":"https:\/\/duritcoatings.pt\/durit-coatings\/#\/schema\/logo\/image\/"}}]}},"_links":{"self":[{"href":"https:\/\/duritcoatings.pt\/en\/wp-json\/wp\/v2\/pages\/23380","targetHints":{"allow":["GET"]}}],"collection":[{"href":"https:\/\/duritcoatings.pt\/en\/wp-json\/wp\/v2\/pages"}],"about":[{"href":"https:\/\/duritcoatings.pt\/en\/wp-json\/wp\/v2\/types\/page"}],"author":[{"embeddable":true,"href":"https:\/\/duritcoatings.pt\/en\/wp-json\/wp\/v2\/users\/2"}],"replies":[{"embeddable":true,"href":"https:\/\/duritcoatings.pt\/en\/wp-json\/wp\/v2\/comments?post=23380"}],"version-history":[{"count":43,"href":"https:\/\/duritcoatings.pt\/en\/wp-json\/wp\/v2\/pages\/23380\/revisions"}],"predecessor-version":[{"id":23517,"href":"https:\/\/duritcoatings.pt\/en\/wp-json\/wp\/v2\/pages\/23380\/revisions\/23517"}],"wp:attachment":[{"href":"https:\/\/duritcoatings.pt\/en\/wp-json\/wp\/v2\/media?parent=23380"}],"curies":[{"name":"wp","href":"https:\/\/api.w.org\/{rel}","templated":true}]}}